{"id":1238,"date":"2024-06-06T23:19:47","date_gmt":"2024-06-06T21:19:47","guid":{"rendered":"https:\/\/lodzwielukultur.pl\/privacy-policy\/"},"modified":"2025-07-15T11:12:53","modified_gmt":"2025-07-15T09:12:53","slug":"privacy-policy","status":"publish","type":"page","link":"https:\/\/lodzwielukultur.pl\/en\/privacy-policy\/","title":{"rendered":"Privacy Policy"},"content":{"rendered":"\n<h1 class=\"wp-block-heading\">Privacy Policy<\/h1>\n\n<p>1. The Marek Edelman Dialogue Center in \u0141\u00f3d\u017a, the administrator of the service, available at www.lodzwielukultur.pl, undertakes to duly protect the data on visitors to the service.<\/p>\n\n<p>2. Users\u2019 personal data will not be shared with or sold to companies or third parties.<\/p>\n\n<p>3. Data provided by users of the service will be used solely for communication purposes or for updating the information contained in the database that is an integral part of the service.<\/p>\n\n<p>4. The service administrator and entities operating the website (Google Inc., Facebook Inc.) collect statistics on the website\u2019s traffic. Regardless of the personal data provided during communication, the owner of the website may use technologies that allow the collection of certain technical information, such as IP address, type of Internet browser and operating system used (see also point 5).<\/p>\n\n<p>5. To improve the functioning of the website, cookies are used. Cookies are pieces of information sent by the web browser and stored on the user\u2019s local hard drive. Cookies do not collect any personal data from the website user. The website stores cookies on the user\u2019s computer to save information needed for its functionality.<br\/>The purpose is to enhance performance, generate statistics that help improve the site\u2019s structure and content, and facilitate browsing during subsequent visits.<br\/>Users can decide which cookies and how they are stored through their web browser settings, although the default browser settings typically allow cookies to be stored.<\/p>\n\n<p>6. Two main types of cookies are used on the Website: session cookies and persistent cookies. \u201cSession\u201d cookies are temporary files that are stored on the User&#8217;s terminal device until the User logs out, leaves the website or shuts down the software (web browser). \u201cPermanent\u201d cookies are stored on the User&#8217;s end device for the time specified in the parameters of the cookies or until they are deleted by the User.<\/p>\n\n<p>7. The website administrator reserves the right to make changes to the privacy policy. Changes may occur at any time, and users may or may not be notified.<\/p>\n\n<p>8. This policy does not override mandatory provisions of law, in particular those concerning consumer protection and competition. In the event of a conflict between the provisions of the policy and mandatory regulations, the provisions of the policy shall be replaced by these regulations, and the remainder of the policy shall remain in effect.<\/p>\n\n<h3 class=\"wp-block-heading\">Changes in Cookies settings in the most popular browsers.<\/h3>\n\n<p><strong>Google Chrome<\/strong><\/p>\n\n<p>Click on the menu (in the upper right corner), tab Settings &gt; Show advanced settings. In the \u201cPrivacy\u201d section, click the Content Settings button. In the \u201cCookies\u201d section, you can change the following cookie settings: <\/p>\n\n<ul class=\"wp-block-list\">\n<li>Deleting cookies<\/li>\n\n\n\n<li>Default cookie blocking<\/li>\n\n\n\n<li>Allow cookies by default<\/li>\n\n\n\n<li>Default retention of cookies and page data until browser closes<\/li>\n\n\n\n<li>Specify exceptions for cookies from specific sites or domains<\/li>\n<\/ul>\n\n<p><strong>Internet Explorer 6.0 and 7.0<\/strong><\/p>\n\n<ul class=\"wp-block-list\">\n<li>From the browser menu (upper right corner), select: Tools &gt; Internet Options &gt; Privacy, Sites button. Use the slider to set the level, confirm the change with the OK button. <\/li>\n<\/ul>\n\n<p><strong>Mozilla Firefox<\/strong><\/p>\n\n<ul class=\"wp-block-list\">\n<li>From the browser menu, select: Tools &gt; Options &gt; Privacy. Activate the Firefox program field: \u201cwill use user settings\u201d. <\/li>\n\n\n\n<li>Cookies are decided by clicking &#8211; or not &#8211; on the Accept cookies item.<\/li>\n<\/ul>\n\n<p><strong>Opera<\/strong><\/p>\n\n<ul class=\"wp-block-list\">\n<li>From the browser menu, select: Utility &gt; Preferences &gt; Advanced.<\/li>\n\n\n\n<li>Cookies are decided by checking &#8211; or not &#8211; the Cookies item.<\/li>\n<\/ul>\n\n<p><strong>Safari<\/strong><\/p>\n\n<ul class=\"wp-block-list\">\n<li>In the Safari drop-down menu, select Preferences and click the Security icon. Here you select the security level in the \u201cAccept cookies\u201d area. <\/li>\n<\/ul>\n","protected":false},"excerpt":{"rendered":"<p>Privacy Policy 1. The Marek Edelman Dialogue Center in \u0141\u00f3d\u017a, the administrator of the service, available at www.lodzwielukultur.pl, undertakes to duly protect the data on visitors to the service. 2. Users\u2019 personal data will not be shared with or sold to companies or third parties. 3. Data provided by users of the service will be [&hellip;]<\/p>\n","protected":false},"author":1,"featured_media":0,"parent":0,"menu_order":0,"comment_status":"closed","ping_status":"open","template":"","meta":{"_acf_changed":false,"inline_featured_image":false,"footnotes":""},"class_list":["post-1238","page","type-page","status-publish","hentry"],"acf":[],"yoast_head":"<!-- This site is optimized with the Yoast SEO plugin v25.9 - https:\/\/yoast.com\/wordpress\/plugins\/seo\/ -->\n<title>Privacy Policy - Festiwal<\/title>\n<meta name=\"robots\" content=\"index, follow, max-snippet:-1, max-image-preview:large, max-video-preview:-1\" \/>\n<link rel=\"canonical\" href=\"https:\/\/lodzwielukultur.pl\/en\/privacy-policy\/\" \/>\n<meta property=\"og:locale\" content=\"en_US\" \/>\n<meta property=\"og:type\" content=\"article\" \/>\n<meta property=\"og:title\" content=\"Privacy Policy - Festiwal\" \/>\n<meta property=\"og:description\" content=\"Privacy Policy 1. The Marek Edelman Dialogue Center in \u0141\u00f3d\u017a, the administrator of the service, available at www.lodzwielukultur.pl, undertakes to duly protect the data on visitors to the service. 2. Users\u2019 personal data will not be shared with or sold to companies or third parties. 3. Data provided by users of the service will be [&hellip;]\" \/>\n<meta property=\"og:url\" content=\"https:\/\/lodzwielukultur.pl\/en\/privacy-policy\/\" \/>\n<meta property=\"og:site_name\" content=\"Festiwal\" \/>\n<meta property=\"article:modified_time\" content=\"2025-07-15T09:12:53+00:00\" \/>\n<meta name=\"twitter:card\" content=\"summary_large_image\" \/>\n<meta name=\"twitter:label1\" content=\"Est. reading time\" \/>\n\t<meta name=\"twitter:data1\" content=\"3 minutes\" \/>\n<script type=\"application\/ld+json\" class=\"yoast-schema-graph\">{\"@context\":\"https:\/\/schema.org\",\"@graph\":[{\"@type\":\"WebPage\",\"@id\":\"https:\/\/lodzwielukultur.pl\/en\/privacy-policy\/\",\"url\":\"https:\/\/lodzwielukultur.pl\/en\/privacy-policy\/\",\"name\":\"Privacy Policy - Festiwal\",\"isPartOf\":{\"@id\":\"https:\/\/lodzwielukultur.pl\/#website\"},\"datePublished\":\"2024-06-06T21:19:47+00:00\",\"dateModified\":\"2025-07-15T09:12:53+00:00\",\"breadcrumb\":{\"@id\":\"https:\/\/lodzwielukultur.pl\/en\/privacy-policy\/#breadcrumb\"},\"inLanguage\":\"en-US\",\"potentialAction\":[{\"@type\":\"ReadAction\",\"target\":[\"https:\/\/lodzwielukultur.pl\/en\/privacy-policy\/\"]}]},{\"@type\":\"BreadcrumbList\",\"@id\":\"https:\/\/lodzwielukultur.pl\/en\/privacy-policy\/#breadcrumb\",\"itemListElement\":[{\"@type\":\"ListItem\",\"position\":1,\"name\":\"Strona g\u0142\u00f3wna\",\"item\":\"https:\/\/lodzwielukultur.pl\/en\/\"},{\"@type\":\"ListItem\",\"position\":2,\"name\":\"Privacy Policy\"}]},{\"@type\":\"WebSite\",\"@id\":\"https:\/\/lodzwielukultur.pl\/#website\",\"url\":\"https:\/\/lodzwielukultur.pl\/\",\"name\":\"Festiwal\",\"description\":\"\u0141\u00f3d\u017a Wielu Kultur\",\"publisher\":{\"@id\":\"https:\/\/lodzwielukultur.pl\/#organization\"},\"potentialAction\":[{\"@type\":\"SearchAction\",\"target\":{\"@type\":\"EntryPoint\",\"urlTemplate\":\"https:\/\/lodzwielukultur.pl\/?s={search_term_string}\"},\"query-input\":{\"@type\":\"PropertyValueSpecification\",\"valueRequired\":true,\"valueName\":\"search_term_string\"}}],\"inLanguage\":\"en-US\"},{\"@type\":\"Organization\",\"@id\":\"https:\/\/lodzwielukultur.pl\/#organization\",\"name\":\"Festiwal\",\"url\":\"https:\/\/lodzwielukultur.pl\/\",\"logo\":{\"@type\":\"ImageObject\",\"inLanguage\":\"en-US\",\"@id\":\"https:\/\/lodzwielukultur.pl\/#\/schema\/logo\/image\/\",\"url\":\"https:\/\/lodzwielukultur.pl\/wp-content\/uploads\/2024\/06\/logotype-1.svg\",\"contentUrl\":\"https:\/\/lodzwielukultur.pl\/wp-content\/uploads\/2024\/06\/logotype-1.svg\",\"width\":\"1024\",\"height\":\"1024\",\"caption\":\"Festiwal\"},\"image\":{\"@id\":\"https:\/\/lodzwielukultur.pl\/#\/schema\/logo\/image\/\"}}]}<\/script>\n<!-- \/ Yoast SEO plugin. -->","yoast_head_json":{"title":"Privacy Policy - Festiwal","robots":{"index":"index","follow":"follow","max-snippet":"max-snippet:-1","max-image-preview":"max-image-preview:large","max-video-preview":"max-video-preview:-1"},"canonical":"https:\/\/lodzwielukultur.pl\/en\/privacy-policy\/","og_locale":"en_US","og_type":"article","og_title":"Privacy Policy - Festiwal","og_description":"Privacy Policy 1. The Marek Edelman Dialogue Center in \u0141\u00f3d\u017a, the administrator of the service, available at www.lodzwielukultur.pl, undertakes to duly protect the data on visitors to the service. 2. Users\u2019 personal data will not be shared with or sold to companies or third parties. 3. Data provided by users of the service will be [&hellip;]","og_url":"https:\/\/lodzwielukultur.pl\/en\/privacy-policy\/","og_site_name":"Festiwal","article_modified_time":"2025-07-15T09:12:53+00:00","twitter_card":"summary_large_image","twitter_misc":{"Est. reading time":"3 minutes"},"schema":{"@context":"https:\/\/schema.org","@graph":[{"@type":"WebPage","@id":"https:\/\/lodzwielukultur.pl\/en\/privacy-policy\/","url":"https:\/\/lodzwielukultur.pl\/en\/privacy-policy\/","name":"Privacy Policy - Festiwal","isPartOf":{"@id":"https:\/\/lodzwielukultur.pl\/#website"},"datePublished":"2024-06-06T21:19:47+00:00","dateModified":"2025-07-15T09:12:53+00:00","breadcrumb":{"@id":"https:\/\/lodzwielukultur.pl\/en\/privacy-policy\/#breadcrumb"},"inLanguage":"en-US","potentialAction":[{"@type":"ReadAction","target":["https:\/\/lodzwielukultur.pl\/en\/privacy-policy\/"]}]},{"@type":"BreadcrumbList","@id":"https:\/\/lodzwielukultur.pl\/en\/privacy-policy\/#breadcrumb","itemListElement":[{"@type":"ListItem","position":1,"name":"Strona g\u0142\u00f3wna","item":"https:\/\/lodzwielukultur.pl\/en\/"},{"@type":"ListItem","position":2,"name":"Privacy Policy"}]},{"@type":"WebSite","@id":"https:\/\/lodzwielukultur.pl\/#website","url":"https:\/\/lodzwielukultur.pl\/","name":"Festiwal","description":"\u0141\u00f3d\u017a Wielu Kultur","publisher":{"@id":"https:\/\/lodzwielukultur.pl\/#organization"},"potentialAction":[{"@type":"SearchAction","target":{"@type":"EntryPoint","urlTemplate":"https:\/\/lodzwielukultur.pl\/?s={search_term_string}"},"query-input":{"@type":"PropertyValueSpecification","valueRequired":true,"valueName":"search_term_string"}}],"inLanguage":"en-US"},{"@type":"Organization","@id":"https:\/\/lodzwielukultur.pl\/#organization","name":"Festiwal","url":"https:\/\/lodzwielukultur.pl\/","logo":{"@type":"ImageObject","inLanguage":"en-US","@id":"https:\/\/lodzwielukultur.pl\/#\/schema\/logo\/image\/","url":"https:\/\/lodzwielukultur.pl\/wp-content\/uploads\/2024\/06\/logotype-1.svg","contentUrl":"https:\/\/lodzwielukultur.pl\/wp-content\/uploads\/2024\/06\/logotype-1.svg","width":"1024","height":"1024","caption":"Festiwal"},"image":{"@id":"https:\/\/lodzwielukultur.pl\/#\/schema\/logo\/image\/"}}]}},"_links":{"self":[{"href":"https:\/\/lodzwielukultur.pl\/en\/wp-json\/wp\/v2\/pages\/1238","targetHints":{"allow":["GET"]}}],"collection":[{"href":"https:\/\/lodzwielukultur.pl\/en\/wp-json\/wp\/v2\/pages"}],"about":[{"href":"https:\/\/lodzwielukultur.pl\/en\/wp-json\/wp\/v2\/types\/page"}],"author":[{"embeddable":true,"href":"https:\/\/lodzwielukultur.pl\/en\/wp-json\/wp\/v2\/users\/1"}],"replies":[{"embeddable":true,"href":"https:\/\/lodzwielukultur.pl\/en\/wp-json\/wp\/v2\/comments?post=1238"}],"version-history":[{"count":3,"href":"https:\/\/lodzwielukultur.pl\/en\/wp-json\/wp\/v2\/pages\/1238\/revisions"}],"predecessor-version":[{"id":3025,"href":"https:\/\/lodzwielukultur.pl\/en\/wp-json\/wp\/v2\/pages\/1238\/revisions\/3025"}],"wp:attachment":[{"href":"https:\/\/lodzwielukultur.pl\/en\/wp-json\/wp\/v2\/media?parent=1238"}],"curies":[{"name":"wp","href":"https:\/\/api.w.org\/{rel}","templated":true}]}}