{"id":3005,"date":"2025-05-30T00:12:39","date_gmt":"2025-05-29T22:12:39","guid":{"rendered":"https:\/\/lodzwielukultur.pl\/accessibility-statement\/"},"modified":"2025-07-15T09:53:48","modified_gmt":"2025-07-15T07:53:48","slug":"accessibility-statement","status":"publish","type":"page","link":"https:\/\/lodzwielukultur.pl\/en\/accessibility-statement\/","title":{"rendered":"Accessibility Statement"},"content":{"rendered":"\n<h1 class=\"wp-block-heading\">Accessibility Statement for the www.lodzwielukultur.pl website<\/h1>\n\n<p>The Marek Edelman Dialogue center in \u0141\u00f3d\u017a commits to ensuring the accessibility of the \u0141\u00f3d\u017a of Many Cultures Festival website in accordance with the Act of April 4, 2019 on the digital accessibility of websites and mobile applications of public sector bodies. <\/p>\n\n<h2 class=\"wp-block-heading\">Dates of publication and update<\/h2>\n\n<p>Date of publication of the website: 01-07-2024<br\/>Date of the last major update: 01-07-2025<\/p>\n\n<h2 class=\"wp-block-heading\">Compliance status<\/h2>\n\n<p>The website is partially compliant with the Act of April 4, 2019 on the digital accessibility of websites and mobile applications of public sector bodies due to the non-compliances or exemptions listed below. <\/p>\n\n<h2 class=\"wp-block-heading\">Non-accessible content<\/h2>\n\n<p>&#8211; Lack of alternative texts (alt) for some graphs and banners<br\/>&#8211; The structure of headings may not be uniform (headings H1-H6).<br\/>&#8211; Links lacking clear labels (for example&#8221;read more&#8221; with no other context).<\/p>\n\n<h2 class=\"wp-block-heading\">Feedback and contact<\/h2>\n\n<p>In case of problems with accessibility, please contact the coordinator for accessibility:<br\/>Karolina Krauze-Strzelec<br\/>e-mail: <a href=\"mailto:k.krauze@centrumdialogu.com\">k.krauze@centrumdialogu.com<\/a><br\/>tel.  +48 790208934<\/p>\n\n<p>The Marek Edelman Dialogue Center in \u0141\u00f3d\u017a<br\/>ul. Wojska Polskiego 83<br\/>91-755 \u0141\u00f3d\u017a <br\/>e-mail: <a href=\"mailto:biuro@centrumdialogu.com\">biuro@centrumdialogu.com<\/a><br\/>tel.  +48 42 636 38 21, +48 506 155 911<\/p>\n\n<p>Requests for access to inaccessible information and demands for ensuring accessibility can be submitted via the same channel. We respond to all inquiries within 7 days. <\/p>\n\n<h2 class=\"wp-block-heading\">Complaints and appeals<\/h2>\n\n<p>If you do not receive a response or if you received an unsatisfactory response, you have the option to contact the Commissioner for Human Rights: www.rpo.gov.pl<\/p>\n\n<h2 class=\"wp-block-heading\">Architectural accessibility of the Center<\/h2>\n\n<p>The building of the Marek Edelman Dialogue Center, located 83 Wojska Polskiego Street, 91-755 \u0141\u00f3d\u017a features:<br\/>&#8211; an entrance adapted for people with mobility impairments: wide, threshold-free doors,<br\/>&#8211; an elevator and restrooms accessible to people with disabilities,<br\/>&#8211; an auditorium with wheelchair-accessible ramps,<br\/>&#8211; a parking lot with designated spaces for people with disabilities.  <\/p>\n\n<h2 class=\"wp-block-heading\">Architectural accessibility of other festival venues<\/h2>\n\n<p>Information about the accessibility of other buildings and spaces where festival events take place is provided in the description of each venue in the EVENTS section.<\/p>\n","protected":false},"excerpt":{"rendered":"<p>Accessibility Statement for the www.lodzwielukultur.pl website The Marek Edelman Dialogue center in \u0141\u00f3d\u017a commits to ensuring the accessibility of the \u0141\u00f3d\u017a of Many Cultures Festival website in accordance with the Act of April 4, 2019 on the digital accessibility of websites and mobile applications of public sector bodies. Dates of publication and update Date of [&hellip;]<\/p>\n","protected":false},"author":2,"featured_media":0,"parent":0,"menu_order":0,"comment_status":"closed","ping_status":"closed","template":"","meta":{"_acf_changed":false,"inline_featured_image":false,"footnotes":""},"class_list":["post-3005","page","type-page","status-publish","hentry"],"acf":[],"yoast_head":"<!-- This site is optimized with the Yoast SEO plugin v25.9 - https:\/\/yoast.com\/wordpress\/plugins\/seo\/ -->\n<title>Accessibility Statement - Festiwal<\/title>\n<meta name=\"robots\" content=\"index, follow, max-snippet:-1, max-image-preview:large, max-video-preview:-1\" \/>\n<link rel=\"canonical\" href=\"https:\/\/lodzwielukultur.pl\/en\/accessibility-statement\/\" \/>\n<meta property=\"og:locale\" content=\"en_US\" \/>\n<meta property=\"og:type\" content=\"article\" \/>\n<meta property=\"og:title\" content=\"Accessibility Statement - Festiwal\" \/>\n<meta property=\"og:description\" content=\"Accessibility Statement for the www.lodzwielukultur.pl website The Marek Edelman Dialogue center in \u0141\u00f3d\u017a commits to ensuring the accessibility of the \u0141\u00f3d\u017a of Many Cultures Festival website in accordance with the Act of April 4, 2019 on the digital accessibility of websites and mobile applications of public sector bodies. Dates of publication and update Date of [&hellip;]\" \/>\n<meta property=\"og:url\" content=\"https:\/\/lodzwielukultur.pl\/en\/accessibility-statement\/\" \/>\n<meta property=\"og:site_name\" content=\"Festiwal\" \/>\n<meta property=\"article:modified_time\" content=\"2025-07-15T07:53:48+00:00\" \/>\n<meta name=\"twitter:card\" content=\"summary_large_image\" \/>\n<meta name=\"twitter:label1\" content=\"Est. reading time\" \/>\n\t<meta name=\"twitter:data1\" content=\"2 minutes\" \/>\n<script type=\"application\/ld+json\" class=\"yoast-schema-graph\">{\"@context\":\"https:\/\/schema.org\",\"@graph\":[{\"@type\":\"WebPage\",\"@id\":\"https:\/\/lodzwielukultur.pl\/en\/accessibility-statement\/\",\"url\":\"https:\/\/lodzwielukultur.pl\/en\/accessibility-statement\/\",\"name\":\"Accessibility Statement - Festiwal\",\"isPartOf\":{\"@id\":\"https:\/\/lodzwielukultur.pl\/#website\"},\"datePublished\":\"2025-05-29T22:12:39+00:00\",\"dateModified\":\"2025-07-15T07:53:48+00:00\",\"breadcrumb\":{\"@id\":\"https:\/\/lodzwielukultur.pl\/en\/accessibility-statement\/#breadcrumb\"},\"inLanguage\":\"en-US\",\"potentialAction\":[{\"@type\":\"ReadAction\",\"target\":[\"https:\/\/lodzwielukultur.pl\/en\/accessibility-statement\/\"]}]},{\"@type\":\"BreadcrumbList\",\"@id\":\"https:\/\/lodzwielukultur.pl\/en\/accessibility-statement\/#breadcrumb\",\"itemListElement\":[{\"@type\":\"ListItem\",\"position\":1,\"name\":\"Strona g\u0142\u00f3wna\",\"item\":\"https:\/\/lodzwielukultur.pl\/en\/\"},{\"@type\":\"ListItem\",\"position\":2,\"name\":\"Accessibility Statement\"}]},{\"@type\":\"WebSite\",\"@id\":\"https:\/\/lodzwielukultur.pl\/#website\",\"url\":\"https:\/\/lodzwielukultur.pl\/\",\"name\":\"Festiwal\",\"description\":\"\u0141\u00f3d\u017a Wielu Kultur\",\"publisher\":{\"@id\":\"https:\/\/lodzwielukultur.pl\/#organization\"},\"potentialAction\":[{\"@type\":\"SearchAction\",\"target\":{\"@type\":\"EntryPoint\",\"urlTemplate\":\"https:\/\/lodzwielukultur.pl\/?s={search_term_string}\"},\"query-input\":{\"@type\":\"PropertyValueSpecification\",\"valueRequired\":true,\"valueName\":\"search_term_string\"}}],\"inLanguage\":\"en-US\"},{\"@type\":\"Organization\",\"@id\":\"https:\/\/lodzwielukultur.pl\/#organization\",\"name\":\"Festiwal\",\"url\":\"https:\/\/lodzwielukultur.pl\/\",\"logo\":{\"@type\":\"ImageObject\",\"inLanguage\":\"en-US\",\"@id\":\"https:\/\/lodzwielukultur.pl\/#\/schema\/logo\/image\/\",\"url\":\"https:\/\/lodzwielukultur.pl\/wp-content\/uploads\/2024\/06\/logotype-1.svg\",\"contentUrl\":\"https:\/\/lodzwielukultur.pl\/wp-content\/uploads\/2024\/06\/logotype-1.svg\",\"width\":\"1024\",\"height\":\"1024\",\"caption\":\"Festiwal\"},\"image\":{\"@id\":\"https:\/\/lodzwielukultur.pl\/#\/schema\/logo\/image\/\"}}]}<\/script>\n<!-- \/ Yoast SEO plugin. -->","yoast_head_json":{"title":"Accessibility Statement - Festiwal","robots":{"index":"index","follow":"follow","max-snippet":"max-snippet:-1","max-image-preview":"max-image-preview:large","max-video-preview":"max-video-preview:-1"},"canonical":"https:\/\/lodzwielukultur.pl\/en\/accessibility-statement\/","og_locale":"en_US","og_type":"article","og_title":"Accessibility Statement - Festiwal","og_description":"Accessibility Statement for the www.lodzwielukultur.pl website The Marek Edelman Dialogue center in \u0141\u00f3d\u017a commits to ensuring the accessibility of the \u0141\u00f3d\u017a of Many Cultures Festival website in accordance with the Act of April 4, 2019 on the digital accessibility of websites and mobile applications of public sector bodies. Dates of publication and update Date of [&hellip;]","og_url":"https:\/\/lodzwielukultur.pl\/en\/accessibility-statement\/","og_site_name":"Festiwal","article_modified_time":"2025-07-15T07:53:48+00:00","twitter_card":"summary_large_image","twitter_misc":{"Est. reading time":"2 minutes"},"schema":{"@context":"https:\/\/schema.org","@graph":[{"@type":"WebPage","@id":"https:\/\/lodzwielukultur.pl\/en\/accessibility-statement\/","url":"https:\/\/lodzwielukultur.pl\/en\/accessibility-statement\/","name":"Accessibility Statement - Festiwal","isPartOf":{"@id":"https:\/\/lodzwielukultur.pl\/#website"},"datePublished":"2025-05-29T22:12:39+00:00","dateModified":"2025-07-15T07:53:48+00:00","breadcrumb":{"@id":"https:\/\/lodzwielukultur.pl\/en\/accessibility-statement\/#breadcrumb"},"inLanguage":"en-US","potentialAction":[{"@type":"ReadAction","target":["https:\/\/lodzwielukultur.pl\/en\/accessibility-statement\/"]}]},{"@type":"BreadcrumbList","@id":"https:\/\/lodzwielukultur.pl\/en\/accessibility-statement\/#breadcrumb","itemListElement":[{"@type":"ListItem","position":1,"name":"Strona g\u0142\u00f3wna","item":"https:\/\/lodzwielukultur.pl\/en\/"},{"@type":"ListItem","position":2,"name":"Accessibility Statement"}]},{"@type":"WebSite","@id":"https:\/\/lodzwielukultur.pl\/#website","url":"https:\/\/lodzwielukultur.pl\/","name":"Festiwal","description":"\u0141\u00f3d\u017a Wielu Kultur","publisher":{"@id":"https:\/\/lodzwielukultur.pl\/#organization"},"potentialAction":[{"@type":"SearchAction","target":{"@type":"EntryPoint","urlTemplate":"https:\/\/lodzwielukultur.pl\/?s={search_term_string}"},"query-input":{"@type":"PropertyValueSpecification","valueRequired":true,"valueName":"search_term_string"}}],"inLanguage":"en-US"},{"@type":"Organization","@id":"https:\/\/lodzwielukultur.pl\/#organization","name":"Festiwal","url":"https:\/\/lodzwielukultur.pl\/","logo":{"@type":"ImageObject","inLanguage":"en-US","@id":"https:\/\/lodzwielukultur.pl\/#\/schema\/logo\/image\/","url":"https:\/\/lodzwielukultur.pl\/wp-content\/uploads\/2024\/06\/logotype-1.svg","contentUrl":"https:\/\/lodzwielukultur.pl\/wp-content\/uploads\/2024\/06\/logotype-1.svg","width":"1024","height":"1024","caption":"Festiwal"},"image":{"@id":"https:\/\/lodzwielukultur.pl\/#\/schema\/logo\/image\/"}}]}},"_links":{"self":[{"href":"https:\/\/lodzwielukultur.pl\/en\/wp-json\/wp\/v2\/pages\/3005","targetHints":{"allow":["GET"]}}],"collection":[{"href":"https:\/\/lodzwielukultur.pl\/en\/wp-json\/wp\/v2\/pages"}],"about":[{"href":"https:\/\/lodzwielukultur.pl\/en\/wp-json\/wp\/v2\/types\/page"}],"author":[{"embeddable":true,"href":"https:\/\/lodzwielukultur.pl\/en\/wp-json\/wp\/v2\/users\/2"}],"replies":[{"embeddable":true,"href":"https:\/\/lodzwielukultur.pl\/en\/wp-json\/wp\/v2\/comments?post=3005"}],"version-history":[{"count":1,"href":"https:\/\/lodzwielukultur.pl\/en\/wp-json\/wp\/v2\/pages\/3005\/revisions"}],"predecessor-version":[{"id":3006,"href":"https:\/\/lodzwielukultur.pl\/en\/wp-json\/wp\/v2\/pages\/3005\/revisions\/3006"}],"wp:attachment":[{"href":"https:\/\/lodzwielukultur.pl\/en\/wp-json\/wp\/v2\/media?parent=3005"}],"curies":[{"name":"wp","href":"https:\/\/api.w.org\/{rel}","templated":true}]}}