{"id":3813,"date":"2025-10-07T19:50:03","date_gmt":"2025-10-07T17:50:03","guid":{"rendered":"https:\/\/lodzwielukultur.pl\/?page_id=3813"},"modified":"2025-10-07T19:50:05","modified_gmt":"2025-10-07T17:50:05","slug":"questionnaire","status":"publish","type":"page","link":"https:\/\/lodzwielukultur.pl\/en\/questionnaire\/","title":{"rendered":"Questionnaire"},"content":{"rendered":"\n<p>As every year, we invite you to participate in the festival <a href=\"https:\/\/form.typeform.com\/to\/MNHt6yCh\"><strong><mark style=\"background-color:#f78da7\" class=\"has-inline-color\">SURVEY<\/mark><\/strong><\/a>. This will allow us to evaluate this year&#8217;s Festival and prepare even better for future editions. The survey takes a maximum of 10 minutes to complete.<\/p>\n\n\n\n<p><\/p>\n","protected":false},"excerpt":{"rendered":"<p>As every year, we invite you to participate in the festival SURVEY. This will allow us to evaluate this year&#8217;s Festival and prepare even better for future editions. The survey takes a maximum of 10 minutes to complete.<\/p>\n","protected":false},"author":3,"featured_media":3831,"parent":0,"menu_order":0,"comment_status":"closed","ping_status":"closed","template":"","meta":{"_acf_changed":false,"inline_featured_image":false,"footnotes":""},"class_list":["post-3813","page","type-page","status-publish","has-post-thumbnail","hentry"],"acf":[],"yoast_head":"<!-- This site is optimized with the Yoast SEO plugin v25.9 - https:\/\/yoast.com\/wordpress\/plugins\/seo\/ -->\n<title>Questionnaire - Festiwal<\/title>\n<meta name=\"robots\" content=\"index, follow, max-snippet:-1, max-image-preview:large, max-video-preview:-1\" \/>\n<link rel=\"canonical\" href=\"https:\/\/lodzwielukultur.pl\/en\/questionnaire\/\" \/>\n<meta property=\"og:locale\" content=\"en_US\" \/>\n<meta property=\"og:type\" content=\"article\" \/>\n<meta property=\"og:title\" content=\"Questionnaire - Festiwal\" \/>\n<meta property=\"og:description\" content=\"As every year, we invite you to participate in the festival SURVEY. This will allow us to evaluate this year&#8217;s Festival and prepare even better for future editions. The survey takes a maximum of 10 minutes to complete.\" \/>\n<meta property=\"og:url\" content=\"https:\/\/lodzwielukultur.pl\/en\/questionnaire\/\" \/>\n<meta property=\"og:site_name\" content=\"Festiwal\" \/>\n<meta property=\"article:modified_time\" content=\"2025-10-07T17:50:05+00:00\" \/>\n<meta property=\"og:image\" content=\"https:\/\/lodzwielukultur.pl\/wp-content\/uploads\/2025\/10\/ankieta-eng-pion-45-kolor-1.png\" \/>\n\t<meta property=\"og:image:width\" content=\"1080\" \/>\n\t<meta property=\"og:image:height\" content=\"1350\" \/>\n\t<meta property=\"og:image:type\" content=\"image\/png\" \/>\n<meta name=\"twitter:card\" content=\"summary_large_image\" \/>\n<meta name=\"twitter:label1\" content=\"Est. reading time\" \/>\n\t<meta name=\"twitter:data1\" content=\"1 minute\" \/>\n<script type=\"application\/ld+json\" class=\"yoast-schema-graph\">{\"@context\":\"https:\/\/schema.org\",\"@graph\":[{\"@type\":\"WebPage\",\"@id\":\"https:\/\/lodzwielukultur.pl\/en\/questionnaire\/\",\"url\":\"https:\/\/lodzwielukultur.pl\/en\/questionnaire\/\",\"name\":\"Questionnaire - Festiwal\",\"isPartOf\":{\"@id\":\"https:\/\/lodzwielukultur.pl\/#website\"},\"primaryImageOfPage\":{\"@id\":\"https:\/\/lodzwielukultur.pl\/en\/questionnaire\/#primaryimage\"},\"image\":{\"@id\":\"https:\/\/lodzwielukultur.pl\/en\/questionnaire\/#primaryimage\"},\"thumbnailUrl\":\"https:\/\/lodzwielukultur.pl\/wp-content\/uploads\/2025\/10\/ankieta-eng-pion-45-kolor-1.png\",\"datePublished\":\"2025-10-07T17:50:03+00:00\",\"dateModified\":\"2025-10-07T17:50:05+00:00\",\"breadcrumb\":{\"@id\":\"https:\/\/lodzwielukultur.pl\/en\/questionnaire\/#breadcrumb\"},\"inLanguage\":\"en-US\",\"potentialAction\":[{\"@type\":\"ReadAction\",\"target\":[\"https:\/\/lodzwielukultur.pl\/en\/questionnaire\/\"]}]},{\"@type\":\"ImageObject\",\"inLanguage\":\"en-US\",\"@id\":\"https:\/\/lodzwielukultur.pl\/en\/questionnaire\/#primaryimage\",\"url\":\"https:\/\/lodzwielukultur.pl\/wp-content\/uploads\/2025\/10\/ankieta-eng-pion-45-kolor-1.png\",\"contentUrl\":\"https:\/\/lodzwielukultur.pl\/wp-content\/uploads\/2025\/10\/ankieta-eng-pion-45-kolor-1.png\",\"width\":1080,\"height\":1350,\"caption\":\"Graphic with QR to survey\"},{\"@type\":\"BreadcrumbList\",\"@id\":\"https:\/\/lodzwielukultur.pl\/en\/questionnaire\/#breadcrumb\",\"itemListElement\":[{\"@type\":\"ListItem\",\"position\":1,\"name\":\"Strona g\u0142\u00f3wna\",\"item\":\"https:\/\/lodzwielukultur.pl\/en\/\"},{\"@type\":\"ListItem\",\"position\":2,\"name\":\"Questionnaire\"}]},{\"@type\":\"WebSite\",\"@id\":\"https:\/\/lodzwielukultur.pl\/#website\",\"url\":\"https:\/\/lodzwielukultur.pl\/\",\"name\":\"Festiwal\",\"description\":\"\u0141\u00f3d\u017a Wielu Kultur\",\"publisher\":{\"@id\":\"https:\/\/lodzwielukultur.pl\/#organization\"},\"potentialAction\":[{\"@type\":\"SearchAction\",\"target\":{\"@type\":\"EntryPoint\",\"urlTemplate\":\"https:\/\/lodzwielukultur.pl\/?s={search_term_string}\"},\"query-input\":{\"@type\":\"PropertyValueSpecification\",\"valueRequired\":true,\"valueName\":\"search_term_string\"}}],\"inLanguage\":\"en-US\"},{\"@type\":\"Organization\",\"@id\":\"https:\/\/lodzwielukultur.pl\/#organization\",\"name\":\"Festiwal\",\"url\":\"https:\/\/lodzwielukultur.pl\/\",\"logo\":{\"@type\":\"ImageObject\",\"inLanguage\":\"en-US\",\"@id\":\"https:\/\/lodzwielukultur.pl\/#\/schema\/logo\/image\/\",\"url\":\"https:\/\/lodzwielukultur.pl\/wp-content\/uploads\/2024\/06\/logotype-1.svg\",\"contentUrl\":\"https:\/\/lodzwielukultur.pl\/wp-content\/uploads\/2024\/06\/logotype-1.svg\",\"width\":\"1024\",\"height\":\"1024\",\"caption\":\"Festiwal\"},\"image\":{\"@id\":\"https:\/\/lodzwielukultur.pl\/#\/schema\/logo\/image\/\"}}]}<\/script>\n<!-- \/ Yoast SEO plugin. -->","yoast_head_json":{"title":"Questionnaire - Festiwal","robots":{"index":"index","follow":"follow","max-snippet":"max-snippet:-1","max-image-preview":"max-image-preview:large","max-video-preview":"max-video-preview:-1"},"canonical":"https:\/\/lodzwielukultur.pl\/en\/questionnaire\/","og_locale":"en_US","og_type":"article","og_title":"Questionnaire - Festiwal","og_description":"As every year, we invite you to participate in the festival SURVEY. This will allow us to evaluate this year&#8217;s Festival and prepare even better for future editions. The survey takes a maximum of 10 minutes to complete.","og_url":"https:\/\/lodzwielukultur.pl\/en\/questionnaire\/","og_site_name":"Festiwal","article_modified_time":"2025-10-07T17:50:05+00:00","og_image":[{"width":1080,"height":1350,"url":"https:\/\/lodzwielukultur.pl\/wp-content\/uploads\/2025\/10\/ankieta-eng-pion-45-kolor-1.png","type":"image\/png"}],"twitter_card":"summary_large_image","twitter_misc":{"Est. reading time":"1 minute"},"schema":{"@context":"https:\/\/schema.org","@graph":[{"@type":"WebPage","@id":"https:\/\/lodzwielukultur.pl\/en\/questionnaire\/","url":"https:\/\/lodzwielukultur.pl\/en\/questionnaire\/","name":"Questionnaire - Festiwal","isPartOf":{"@id":"https:\/\/lodzwielukultur.pl\/#website"},"primaryImageOfPage":{"@id":"https:\/\/lodzwielukultur.pl\/en\/questionnaire\/#primaryimage"},"image":{"@id":"https:\/\/lodzwielukultur.pl\/en\/questionnaire\/#primaryimage"},"thumbnailUrl":"https:\/\/lodzwielukultur.pl\/wp-content\/uploads\/2025\/10\/ankieta-eng-pion-45-kolor-1.png","datePublished":"2025-10-07T17:50:03+00:00","dateModified":"2025-10-07T17:50:05+00:00","breadcrumb":{"@id":"https:\/\/lodzwielukultur.pl\/en\/questionnaire\/#breadcrumb"},"inLanguage":"en-US","potentialAction":[{"@type":"ReadAction","target":["https:\/\/lodzwielukultur.pl\/en\/questionnaire\/"]}]},{"@type":"ImageObject","inLanguage":"en-US","@id":"https:\/\/lodzwielukultur.pl\/en\/questionnaire\/#primaryimage","url":"https:\/\/lodzwielukultur.pl\/wp-content\/uploads\/2025\/10\/ankieta-eng-pion-45-kolor-1.png","contentUrl":"https:\/\/lodzwielukultur.pl\/wp-content\/uploads\/2025\/10\/ankieta-eng-pion-45-kolor-1.png","width":1080,"height":1350,"caption":"Graphic with QR to survey"},{"@type":"BreadcrumbList","@id":"https:\/\/lodzwielukultur.pl\/en\/questionnaire\/#breadcrumb","itemListElement":[{"@type":"ListItem","position":1,"name":"Strona g\u0142\u00f3wna","item":"https:\/\/lodzwielukultur.pl\/en\/"},{"@type":"ListItem","position":2,"name":"Questionnaire"}]},{"@type":"WebSite","@id":"https:\/\/lodzwielukultur.pl\/#website","url":"https:\/\/lodzwielukultur.pl\/","name":"Festiwal","description":"\u0141\u00f3d\u017a Wielu Kultur","publisher":{"@id":"https:\/\/lodzwielukultur.pl\/#organization"},"potentialAction":[{"@type":"SearchAction","target":{"@type":"EntryPoint","urlTemplate":"https:\/\/lodzwielukultur.pl\/?s={search_term_string}"},"query-input":{"@type":"PropertyValueSpecification","valueRequired":true,"valueName":"search_term_string"}}],"inLanguage":"en-US"},{"@type":"Organization","@id":"https:\/\/lodzwielukultur.pl\/#organization","name":"Festiwal","url":"https:\/\/lodzwielukultur.pl\/","logo":{"@type":"ImageObject","inLanguage":"en-US","@id":"https:\/\/lodzwielukultur.pl\/#\/schema\/logo\/image\/","url":"https:\/\/lodzwielukultur.pl\/wp-content\/uploads\/2024\/06\/logotype-1.svg","contentUrl":"https:\/\/lodzwielukultur.pl\/wp-content\/uploads\/2024\/06\/logotype-1.svg","width":"1024","height":"1024","caption":"Festiwal"},"image":{"@id":"https:\/\/lodzwielukultur.pl\/#\/schema\/logo\/image\/"}}]}},"_links":{"self":[{"href":"https:\/\/lodzwielukultur.pl\/en\/wp-json\/wp\/v2\/pages\/3813","targetHints":{"allow":["GET"]}}],"collection":[{"href":"https:\/\/lodzwielukultur.pl\/en\/wp-json\/wp\/v2\/pages"}],"about":[{"href":"https:\/\/lodzwielukultur.pl\/en\/wp-json\/wp\/v2\/types\/page"}],"author":[{"embeddable":true,"href":"https:\/\/lodzwielukultur.pl\/en\/wp-json\/wp\/v2\/users\/3"}],"replies":[{"embeddable":true,"href":"https:\/\/lodzwielukultur.pl\/en\/wp-json\/wp\/v2\/comments?post=3813"}],"version-history":[{"count":1,"href":"https:\/\/lodzwielukultur.pl\/en\/wp-json\/wp\/v2\/pages\/3813\/revisions"}],"predecessor-version":[{"id":3814,"href":"https:\/\/lodzwielukultur.pl\/en\/wp-json\/wp\/v2\/pages\/3813\/revisions\/3814"}],"wp:featuredmedia":[{"embeddable":true,"href":"https:\/\/lodzwielukultur.pl\/en\/wp-json\/wp\/v2\/media\/3831"}],"wp:attachment":[{"href":"https:\/\/lodzwielukultur.pl\/en\/wp-json\/wp\/v2\/media?parent=3813"}],"curies":[{"name":"wp","href":"https:\/\/api.w.org\/{rel}","templated":true}]}}