{"id":941,"date":"2024-06-14T23:28:19","date_gmt":"2024-06-14T21:28:19","guid":{"rendered":"https:\/\/lodzwielukultur.pl\/history\/"},"modified":"2025-07-14T15:12:08","modified_gmt":"2025-07-14T13:12:08","slug":"history","status":"publish","type":"page","link":"https:\/\/lodzwielukultur.pl\/en\/about-festival\/history\/","title":{"rendered":"History"},"content":{"rendered":"","protected":false},"excerpt":{"rendered":"","protected":false},"author":1,"featured_media":0,"parent":942,"menu_order":0,"comment_status":"closed","ping_status":"closed","template":"page-history.php","meta":{"_acf_changed":false,"inline_featured_image":false,"footnotes":""},"class_list":["post-941","page","type-page","status-publish","hentry"],"acf":[],"yoast_head":"<!-- This site is optimized with the Yoast SEO plugin v25.9 - https:\/\/yoast.com\/wordpress\/plugins\/seo\/ -->\n<title>History - Festiwal<\/title>\n<meta name=\"robots\" content=\"index, follow, max-snippet:-1, max-image-preview:large, max-video-preview:-1\" \/>\n<link rel=\"canonical\" href=\"https:\/\/lodzwielukultur.pl\/en\/about-festival\/history\/\" \/>\n<meta property=\"og:locale\" content=\"en_US\" \/>\n<meta property=\"og:type\" content=\"article\" \/>\n<meta property=\"og:title\" content=\"History - Festiwal\" \/>\n<meta property=\"og:url\" content=\"https:\/\/lodzwielukultur.pl\/en\/about-festival\/history\/\" \/>\n<meta property=\"og:site_name\" content=\"Festiwal\" \/>\n<meta property=\"article:modified_time\" content=\"2025-07-14T13:12:08+00:00\" \/>\n<meta name=\"twitter:card\" content=\"summary_large_image\" \/>\n<script type=\"application\/ld+json\" class=\"yoast-schema-graph\">{\"@context\":\"https:\/\/schema.org\",\"@graph\":[{\"@type\":\"WebPage\",\"@id\":\"https:\/\/lodzwielukultur.pl\/en\/about-festival\/history\/\",\"url\":\"https:\/\/lodzwielukultur.pl\/en\/about-festival\/history\/\",\"name\":\"History - Festiwal\",\"isPartOf\":{\"@id\":\"https:\/\/lodzwielukultur.pl\/#website\"},\"datePublished\":\"2024-06-14T21:28:19+00:00\",\"dateModified\":\"2025-07-14T13:12:08+00:00\",\"breadcrumb\":{\"@id\":\"https:\/\/lodzwielukultur.pl\/en\/about-festival\/history\/#breadcrumb\"},\"inLanguage\":\"en-US\",\"potentialAction\":[{\"@type\":\"ReadAction\",\"target\":[\"https:\/\/lodzwielukultur.pl\/en\/about-festival\/history\/\"]}]},{\"@type\":\"BreadcrumbList\",\"@id\":\"https:\/\/lodzwielukultur.pl\/en\/about-festival\/history\/#breadcrumb\",\"itemListElement\":[{\"@type\":\"ListItem\",\"position\":1,\"name\":\"Strona g\u0142\u00f3wna\",\"item\":\"https:\/\/lodzwielukultur.pl\/en\/\"},{\"@type\":\"ListItem\",\"position\":2,\"name\":\"About Festival\",\"item\":\"https:\/\/lodzwielukultur.pl\/en\/about-festival\/\"},{\"@type\":\"ListItem\",\"position\":3,\"name\":\"History\"}]},{\"@type\":\"WebSite\",\"@id\":\"https:\/\/lodzwielukultur.pl\/#website\",\"url\":\"https:\/\/lodzwielukultur.pl\/\",\"name\":\"Festiwal\",\"description\":\"\u0141\u00f3d\u017a Wielu Kultur\",\"publisher\":{\"@id\":\"https:\/\/lodzwielukultur.pl\/#organization\"},\"potentialAction\":[{\"@type\":\"SearchAction\",\"target\":{\"@type\":\"EntryPoint\",\"urlTemplate\":\"https:\/\/lodzwielukultur.pl\/?s={search_term_string}\"},\"query-input\":{\"@type\":\"PropertyValueSpecification\",\"valueRequired\":true,\"valueName\":\"search_term_string\"}}],\"inLanguage\":\"en-US\"},{\"@type\":\"Organization\",\"@id\":\"https:\/\/lodzwielukultur.pl\/#organization\",\"name\":\"Festiwal\",\"url\":\"https:\/\/lodzwielukultur.pl\/\",\"logo\":{\"@type\":\"ImageObject\",\"inLanguage\":\"en-US\",\"@id\":\"https:\/\/lodzwielukultur.pl\/#\/schema\/logo\/image\/\",\"url\":\"https:\/\/lodzwielukultur.pl\/wp-content\/uploads\/2024\/06\/logotype-1.svg\",\"contentUrl\":\"https:\/\/lodzwielukultur.pl\/wp-content\/uploads\/2024\/06\/logotype-1.svg\",\"width\":\"1024\",\"height\":\"1024\",\"caption\":\"Festiwal\"},\"image\":{\"@id\":\"https:\/\/lodzwielukultur.pl\/#\/schema\/logo\/image\/\"}}]}<\/script>\n<!-- \/ Yoast SEO plugin. -->","yoast_head_json":{"title":"History - Festiwal","robots":{"index":"index","follow":"follow","max-snippet":"max-snippet:-1","max-image-preview":"max-image-preview:large","max-video-preview":"max-video-preview:-1"},"canonical":"https:\/\/lodzwielukultur.pl\/en\/about-festival\/history\/","og_locale":"en_US","og_type":"article","og_title":"History - Festiwal","og_url":"https:\/\/lodzwielukultur.pl\/en\/about-festival\/history\/","og_site_name":"Festiwal","article_modified_time":"2025-07-14T13:12:08+00:00","twitter_card":"summary_large_image","schema":{"@context":"https:\/\/schema.org","@graph":[{"@type":"WebPage","@id":"https:\/\/lodzwielukultur.pl\/en\/about-festival\/history\/","url":"https:\/\/lodzwielukultur.pl\/en\/about-festival\/history\/","name":"History - Festiwal","isPartOf":{"@id":"https:\/\/lodzwielukultur.pl\/#website"},"datePublished":"2024-06-14T21:28:19+00:00","dateModified":"2025-07-14T13:12:08+00:00","breadcrumb":{"@id":"https:\/\/lodzwielukultur.pl\/en\/about-festival\/history\/#breadcrumb"},"inLanguage":"en-US","potentialAction":[{"@type":"ReadAction","target":["https:\/\/lodzwielukultur.pl\/en\/about-festival\/history\/"]}]},{"@type":"BreadcrumbList","@id":"https:\/\/lodzwielukultur.pl\/en\/about-festival\/history\/#breadcrumb","itemListElement":[{"@type":"ListItem","position":1,"name":"Strona g\u0142\u00f3wna","item":"https:\/\/lodzwielukultur.pl\/en\/"},{"@type":"ListItem","position":2,"name":"About Festival","item":"https:\/\/lodzwielukultur.pl\/en\/about-festival\/"},{"@type":"ListItem","position":3,"name":"History"}]},{"@type":"WebSite","@id":"https:\/\/lodzwielukultur.pl\/#website","url":"https:\/\/lodzwielukultur.pl\/","name":"Festiwal","description":"\u0141\u00f3d\u017a Wielu Kultur","publisher":{"@id":"https:\/\/lodzwielukultur.pl\/#organization"},"potentialAction":[{"@type":"SearchAction","target":{"@type":"EntryPoint","urlTemplate":"https:\/\/lodzwielukultur.pl\/?s={search_term_string}"},"query-input":{"@type":"PropertyValueSpecification","valueRequired":true,"valueName":"search_term_string"}}],"inLanguage":"en-US"},{"@type":"Organization","@id":"https:\/\/lodzwielukultur.pl\/#organization","name":"Festiwal","url":"https:\/\/lodzwielukultur.pl\/","logo":{"@type":"ImageObject","inLanguage":"en-US","@id":"https:\/\/lodzwielukultur.pl\/#\/schema\/logo\/image\/","url":"https:\/\/lodzwielukultur.pl\/wp-content\/uploads\/2024\/06\/logotype-1.svg","contentUrl":"https:\/\/lodzwielukultur.pl\/wp-content\/uploads\/2024\/06\/logotype-1.svg","width":"1024","height":"1024","caption":"Festiwal"},"image":{"@id":"https:\/\/lodzwielukultur.pl\/#\/schema\/logo\/image\/"}}]}},"_links":{"self":[{"href":"https:\/\/lodzwielukultur.pl\/en\/wp-json\/wp\/v2\/pages\/941","targetHints":{"allow":["GET"]}}],"collection":[{"href":"https:\/\/lodzwielukultur.pl\/en\/wp-json\/wp\/v2\/pages"}],"about":[{"href":"https:\/\/lodzwielukultur.pl\/en\/wp-json\/wp\/v2\/types\/page"}],"author":[{"embeddable":true,"href":"https:\/\/lodzwielukultur.pl\/en\/wp-json\/wp\/v2\/users\/1"}],"replies":[{"embeddable":true,"href":"https:\/\/lodzwielukultur.pl\/en\/wp-json\/wp\/v2\/comments?post=941"}],"version-history":[{"count":3,"href":"https:\/\/lodzwielukultur.pl\/en\/wp-json\/wp\/v2\/pages\/941\/revisions"}],"predecessor-version":[{"id":2998,"href":"https:\/\/lodzwielukultur.pl\/en\/wp-json\/wp\/v2\/pages\/941\/revisions\/2998"}],"up":[{"embeddable":true,"href":"https:\/\/lodzwielukultur.pl\/en\/wp-json\/wp\/v2\/pages\/942"}],"wp:attachment":[{"href":"https:\/\/lodzwielukultur.pl\/en\/wp-json\/wp\/v2\/media?parent=941"}],"curies":[{"name":"wp","href":"https:\/\/api.w.org\/{rel}","templated":true}]}}