{"id":942,"date":"2024-06-14T20:52:21","date_gmt":"2024-06-14T18:52:21","guid":{"rendered":"https:\/\/lodzwielukultur.pl\/about-festival\/"},"modified":"2026-05-08T16:44:27","modified_gmt":"2026-05-08T14:44:27","slug":"about-festival","status":"publish","type":"page","link":"https:\/\/lodzwielukultur.pl\/en\/about-festival\/","title":{"rendered":"About Festival"},"content":{"rendered":"\n<h1 class=\"wp-block-heading\">ABOUT FESTIVAL<\/h1>\n\n<p>The \u0141\u00f3d\u017a of Many Cultures Festival is an invitation to engage\u2014with the city\u2019s history, its residents, and, above all, with the diversity of experiences, languages, and sensibilities that shape its identity. For over two decades, the event has been developing the idea of intercultural dialogue, drawing on the tradition of the Festival of the Dialogue of Four Cultures and giving it new, contemporary meanings. <\/p>\n\n<p>\u0141\u00f3d\u017a remains the focal point of the festival\u2014a city built by communities of many languages, religions, and traditions. The festival not only serves as a reminder of this heritage but, above all, reinterprets it through artistic initiatives that engage with contemporary social, migratory, and cultural processes. <\/p>\n\n<p>The festival program is shaped by the intersection of various art forms and social practices. It consists of concerts, performances, site-specific projects, workshops, and gatherings held at cultural institutions and throughout the city. These are events that invite participation, not just passive viewing.  <\/p>\n\n<p>The \u0141\u00f3d\u017a of Many Cultures Festival is a festival about connections\u2014between people, stories, and places. It\u2019s about memory, which helps us understand the present. And it\u2019s about art, which allows us to look toward the future.  <\/p>\n","protected":false},"excerpt":{"rendered":"<p>ABOUT FESTIVAL The \u0141\u00f3d\u017a of Many Cultures Festival is an invitation to engage\u2014with the city\u2019s history, its residents, and, above all, with the diversity of experiences, languages, and sensibilities that shape its identity. For over two decades, the event has been developing the idea of intercultural dialogue, drawing on the tradition of the Festival of [&hellip;]<\/p>\n","protected":false},"author":1,"featured_media":664,"parent":0,"menu_order":0,"comment_status":"closed","ping_status":"closed","template":"","meta":{"_acf_changed":false,"inline_featured_image":false,"footnotes":""},"class_list":["post-942","page","type-page","status-publish","has-post-thumbnail","hentry"],"acf":[],"yoast_head":"<!-- This site is optimized with the Yoast SEO plugin v27.4 - https:\/\/yoast.com\/product\/yoast-seo-wordpress\/ -->\n<title>About Festival - Festiwal<\/title>\n<meta name=\"description\" content=\"The \u0141\u00f3d\u017a of Many Cultures Festival is an invitation to connect\u2014with the city\u2019s history and its residents\" \/>\n<meta name=\"robots\" content=\"index, follow, max-snippet:-1, max-image-preview:large, max-video-preview:-1\" \/>\n<link rel=\"canonical\" href=\"https:\/\/lodzwielukultur.pl\/en\/about-festival\/\" \/>\n<meta property=\"og:locale\" content=\"en_US\" \/>\n<meta property=\"og:type\" content=\"article\" \/>\n<meta property=\"og:title\" content=\"About Festival - Festiwal\" \/>\n<meta property=\"og:description\" content=\"The \u0141\u00f3d\u017a of Many Cultures Festival is an invitation to connect\u2014with the city\u2019s history and its residents\" \/>\n<meta property=\"og:url\" content=\"https:\/\/lodzwielukultur.pl\/en\/about-festival\/\" \/>\n<meta property=\"og:site_name\" content=\"Festiwal\" \/>\n<meta property=\"article:modified_time\" content=\"2026-05-08T14:44:27+00:00\" \/>\n<meta property=\"og:image\" content=\"https:\/\/lodzwielukultur.pl\/wp-content\/uploads\/2024\/06\/o-festiwalu.jpg\" \/>\n\t<meta property=\"og:image:width\" content=\"796\" \/>\n\t<meta property=\"og:image:height\" content=\"505\" \/>\n\t<meta property=\"og:image:type\" content=\"image\/jpeg\" \/>\n<meta name=\"twitter:card\" content=\"summary_large_image\" \/>\n<meta name=\"twitter:label1\" content=\"Est. reading time\" \/>\n\t<meta name=\"twitter:data1\" content=\"1 minute\" \/>\n<script type=\"application\/ld+json\" class=\"yoast-schema-graph\">{\"@context\":\"https:\\\/\\\/schema.org\",\"@graph\":[{\"@type\":\"WebPage\",\"@id\":\"https:\\\/\\\/lodzwielukultur.pl\\\/en\\\/about-festival\\\/\",\"url\":\"https:\\\/\\\/lodzwielukultur.pl\\\/en\\\/about-festival\\\/\",\"name\":\"About Festival - Festiwal\",\"isPartOf\":{\"@id\":\"https:\\\/\\\/lodzwielukultur.pl\\\/#website\"},\"primaryImageOfPage\":{\"@id\":\"https:\\\/\\\/lodzwielukultur.pl\\\/en\\\/about-festival\\\/#primaryimage\"},\"image\":{\"@id\":\"https:\\\/\\\/lodzwielukultur.pl\\\/en\\\/about-festival\\\/#primaryimage\"},\"thumbnailUrl\":\"https:\\\/\\\/lodzwielukultur.pl\\\/wp-content\\\/uploads\\\/2024\\\/06\\\/o-festiwalu.jpg\",\"datePublished\":\"2024-06-14T18:52:21+00:00\",\"dateModified\":\"2026-05-08T14:44:27+00:00\",\"description\":\"The \u0141\u00f3d\u017a of Many Cultures Festival is an invitation to connect\u2014with the city\u2019s history and its residents\",\"breadcrumb\":{\"@id\":\"https:\\\/\\\/lodzwielukultur.pl\\\/en\\\/about-festival\\\/#breadcrumb\"},\"inLanguage\":\"en-US\",\"potentialAction\":[{\"@type\":\"ReadAction\",\"target\":[\"https:\\\/\\\/lodzwielukultur.pl\\\/en\\\/about-festival\\\/\"]}]},{\"@type\":\"ImageObject\",\"inLanguage\":\"en-US\",\"@id\":\"https:\\\/\\\/lodzwielukultur.pl\\\/en\\\/about-festival\\\/#primaryimage\",\"url\":\"https:\\\/\\\/lodzwielukultur.pl\\\/wp-content\\\/uploads\\\/2024\\\/06\\\/o-festiwalu.jpg\",\"contentUrl\":\"https:\\\/\\\/lodzwielukultur.pl\\\/wp-content\\\/uploads\\\/2024\\\/06\\\/o-festiwalu.jpg\",\"width\":796,\"height\":505},{\"@type\":\"BreadcrumbList\",\"@id\":\"https:\\\/\\\/lodzwielukultur.pl\\\/en\\\/about-festival\\\/#breadcrumb\",\"itemListElement\":[{\"@type\":\"ListItem\",\"position\":1,\"name\":\"Strona g\u0142\u00f3wna\",\"item\":\"https:\\\/\\\/lodzwielukultur.pl\\\/en\\\/\"},{\"@type\":\"ListItem\",\"position\":2,\"name\":\"About Festival\"}]},{\"@type\":\"WebSite\",\"@id\":\"https:\\\/\\\/lodzwielukultur.pl\\\/#website\",\"url\":\"https:\\\/\\\/lodzwielukultur.pl\\\/\",\"name\":\"Festiwal\",\"description\":\"\u0141\u00f3d\u017a Wielu Kultur\",\"publisher\":{\"@id\":\"https:\\\/\\\/lodzwielukultur.pl\\\/#organization\"},\"potentialAction\":[{\"@type\":\"SearchAction\",\"target\":{\"@type\":\"EntryPoint\",\"urlTemplate\":\"https:\\\/\\\/lodzwielukultur.pl\\\/?s={search_term_string}\"},\"query-input\":{\"@type\":\"PropertyValueSpecification\",\"valueRequired\":true,\"valueName\":\"search_term_string\"}}],\"inLanguage\":\"en-US\"},{\"@type\":\"Organization\",\"@id\":\"https:\\\/\\\/lodzwielukultur.pl\\\/#organization\",\"name\":\"Festiwal\",\"url\":\"https:\\\/\\\/lodzwielukultur.pl\\\/\",\"logo\":{\"@type\":\"ImageObject\",\"inLanguage\":\"en-US\",\"@id\":\"https:\\\/\\\/lodzwielukultur.pl\\\/#\\\/schema\\\/logo\\\/image\\\/\",\"url\":\"https:\\\/\\\/lodzwielukultur.pl\\\/wp-content\\\/uploads\\\/2024\\\/06\\\/logotype-1.svg\",\"contentUrl\":\"https:\\\/\\\/lodzwielukultur.pl\\\/wp-content\\\/uploads\\\/2024\\\/06\\\/logotype-1.svg\",\"width\":\"1024\",\"height\":\"1024\",\"caption\":\"Festiwal\"},\"image\":{\"@id\":\"https:\\\/\\\/lodzwielukultur.pl\\\/#\\\/schema\\\/logo\\\/image\\\/\"}}]}<\/script>\n<!-- \/ Yoast SEO plugin. -->","yoast_head_json":{"title":"About Festival - Festiwal","description":"The \u0141\u00f3d\u017a of Many Cultures Festival is an invitation to connect\u2014with the city\u2019s history and its residents","robots":{"index":"index","follow":"follow","max-snippet":"max-snippet:-1","max-image-preview":"max-image-preview:large","max-video-preview":"max-video-preview:-1"},"canonical":"https:\/\/lodzwielukultur.pl\/en\/about-festival\/","og_locale":"en_US","og_type":"article","og_title":"About Festival - Festiwal","og_description":"The \u0141\u00f3d\u017a of Many Cultures Festival is an invitation to connect\u2014with the city\u2019s history and its residents","og_url":"https:\/\/lodzwielukultur.pl\/en\/about-festival\/","og_site_name":"Festiwal","article_modified_time":"2026-05-08T14:44:27+00:00","og_image":[{"width":796,"height":505,"url":"https:\/\/lodzwielukultur.pl\/wp-content\/uploads\/2024\/06\/o-festiwalu.jpg","type":"image\/jpeg"}],"twitter_card":"summary_large_image","twitter_misc":{"Est. reading time":"1 minute"},"schema":{"@context":"https:\/\/schema.org","@graph":[{"@type":"WebPage","@id":"https:\/\/lodzwielukultur.pl\/en\/about-festival\/","url":"https:\/\/lodzwielukultur.pl\/en\/about-festival\/","name":"About Festival - Festiwal","isPartOf":{"@id":"https:\/\/lodzwielukultur.pl\/#website"},"primaryImageOfPage":{"@id":"https:\/\/lodzwielukultur.pl\/en\/about-festival\/#primaryimage"},"image":{"@id":"https:\/\/lodzwielukultur.pl\/en\/about-festival\/#primaryimage"},"thumbnailUrl":"https:\/\/lodzwielukultur.pl\/wp-content\/uploads\/2024\/06\/o-festiwalu.jpg","datePublished":"2024-06-14T18:52:21+00:00","dateModified":"2026-05-08T14:44:27+00:00","description":"The \u0141\u00f3d\u017a of Many Cultures Festival is an invitation to connect\u2014with the city\u2019s history and its residents","breadcrumb":{"@id":"https:\/\/lodzwielukultur.pl\/en\/about-festival\/#breadcrumb"},"inLanguage":"en-US","potentialAction":[{"@type":"ReadAction","target":["https:\/\/lodzwielukultur.pl\/en\/about-festival\/"]}]},{"@type":"ImageObject","inLanguage":"en-US","@id":"https:\/\/lodzwielukultur.pl\/en\/about-festival\/#primaryimage","url":"https:\/\/lodzwielukultur.pl\/wp-content\/uploads\/2024\/06\/o-festiwalu.jpg","contentUrl":"https:\/\/lodzwielukultur.pl\/wp-content\/uploads\/2024\/06\/o-festiwalu.jpg","width":796,"height":505},{"@type":"BreadcrumbList","@id":"https:\/\/lodzwielukultur.pl\/en\/about-festival\/#breadcrumb","itemListElement":[{"@type":"ListItem","position":1,"name":"Strona g\u0142\u00f3wna","item":"https:\/\/lodzwielukultur.pl\/en\/"},{"@type":"ListItem","position":2,"name":"About Festival"}]},{"@type":"WebSite","@id":"https:\/\/lodzwielukultur.pl\/#website","url":"https:\/\/lodzwielukultur.pl\/","name":"Festiwal","description":"\u0141\u00f3d\u017a Wielu Kultur","publisher":{"@id":"https:\/\/lodzwielukultur.pl\/#organization"},"potentialAction":[{"@type":"SearchAction","target":{"@type":"EntryPoint","urlTemplate":"https:\/\/lodzwielukultur.pl\/?s={search_term_string}"},"query-input":{"@type":"PropertyValueSpecification","valueRequired":true,"valueName":"search_term_string"}}],"inLanguage":"en-US"},{"@type":"Organization","@id":"https:\/\/lodzwielukultur.pl\/#organization","name":"Festiwal","url":"https:\/\/lodzwielukultur.pl\/","logo":{"@type":"ImageObject","inLanguage":"en-US","@id":"https:\/\/lodzwielukultur.pl\/#\/schema\/logo\/image\/","url":"https:\/\/lodzwielukultur.pl\/wp-content\/uploads\/2024\/06\/logotype-1.svg","contentUrl":"https:\/\/lodzwielukultur.pl\/wp-content\/uploads\/2024\/06\/logotype-1.svg","width":"1024","height":"1024","caption":"Festiwal"},"image":{"@id":"https:\/\/lodzwielukultur.pl\/#\/schema\/logo\/image\/"}}]}},"_links":{"self":[{"href":"https:\/\/lodzwielukultur.pl\/en\/wp-json\/wp\/v2\/pages\/942","targetHints":{"allow":["GET"]}}],"collection":[{"href":"https:\/\/lodzwielukultur.pl\/en\/wp-json\/wp\/v2\/pages"}],"about":[{"href":"https:\/\/lodzwielukultur.pl\/en\/wp-json\/wp\/v2\/types\/page"}],"author":[{"embeddable":true,"href":"https:\/\/lodzwielukultur.pl\/en\/wp-json\/wp\/v2\/users\/1"}],"replies":[{"embeddable":true,"href":"https:\/\/lodzwielukultur.pl\/en\/wp-json\/wp\/v2\/comments?post=942"}],"version-history":[{"count":2,"href":"https:\/\/lodzwielukultur.pl\/en\/wp-json\/wp\/v2\/pages\/942\/revisions"}],"predecessor-version":[{"id":4499,"href":"https:\/\/lodzwielukultur.pl\/en\/wp-json\/wp\/v2\/pages\/942\/revisions\/4499"}],"wp:featuredmedia":[{"embeddable":true,"href":"https:\/\/lodzwielukultur.pl\/en\/wp-json\/wp\/v2\/media\/664"}],"wp:attachment":[{"href":"https:\/\/lodzwielukultur.pl\/en\/wp-json\/wp\/v2\/media?parent=942"}],"curies":[{"name":"wp","href":"https:\/\/api.w.org\/{rel}","templated":true}]}}