{"id":950,"date":"2024-06-15T14:39:12","date_gmt":"2024-06-15T12:39:12","guid":{"rendered":"https:\/\/lodzwielukultur.pl\/about-festival\/team\/"},"modified":"2025-07-15T11:01:26","modified_gmt":"2025-07-15T09:01:26","slug":"team","status":"publish","type":"page","link":"https:\/\/lodzwielukultur.pl\/en\/about-festival\/team\/","title":{"rendered":"Team"},"content":{"rendered":"\n<h1 class=\"wp-block-heading\">Team<\/h1>\n\n<h2 class=\"wp-block-heading\">Acting Director of the Marek Edelman Dialogue Center<\/h2>\n\n<p>Kamila Majchrzycka-Szyma\u0144ska<\/p>\n\n<h2 class=\"wp-block-heading\">Festival Main Coordinator<\/h2>\n\n<p>Kamila Majchrzycka-Szyma\u0144ska<\/p>\n\n<h2 class=\"wp-block-heading\">Concept of the \u0141\u00f3d\u017a of Many Culture Festival:<\/h2>\n\n<p>Kamila Majchrzycka-Szyma\u0144ska, Joanna Podolska-P\u0142ocka, Agata Siwiak, Jaros\u0142aw Suchan<\/p>\n\n<h2 class=\"wp-block-heading\">Programme team:<\/h2>\n\n<p>Joanna Podolska-P\u0142ocka, Kamila Majchrzycka-Szyma\u0144ska, Agata Siwiak, Jaros\u0142aw Suchan, Marcin Tercjak, Aleksandra Shaya, Anna Mrozi\u0144ska-Szmajda, Marta Olejniczak<\/p>\n\n<h2 class=\"wp-block-heading\">Production team:<\/h2>\n\n<p>Kamila Majchrzycka-Szyma\u0144ska, Aleksandra Shaya, Anna Mrozi\u0144ska-Szmajda, Katarzyna Pr\u0119dka, Daria Dziedzi\u0144ska, Marta Olejniczak, Piotr Rembowski, Eliza Gaust, Magdalena Ma\u0142owska, Karolina Krauze, Monika Ptasi\u0144ska, Micha\u0142 Adamiak, Julia Mr\u00f3wczy\u0144ska<\/p>\n\n<h2 class=\"wp-block-heading\">Promotion team:<\/h2>\n\n<p>Aleksandra Zbieranowska, Alicja Sitek, Ola Ciecholewska, Karolina Krauze, Natalia Kr\u00f3likowska<\/p>\n\n<h2 class=\"wp-block-heading\">Coordinator for accessibility:<\/h2>\n\n<p>Karolina Krauze<\/p>\n","protected":false},"excerpt":{"rendered":"<p>Team Acting Director of the Marek Edelman Dialogue Center Kamila Majchrzycka-Szyma\u0144ska Festival Main Coordinator Kamila Majchrzycka-Szyma\u0144ska Concept of the \u0141\u00f3d\u017a of Many Culture Festival: Kamila Majchrzycka-Szyma\u0144ska, Joanna Podolska-P\u0142ocka, Agata Siwiak, Jaros\u0142aw Suchan Programme team: Joanna Podolska-P\u0142ocka, Kamila Majchrzycka-Szyma\u0144ska, Agata Siwiak, Jaros\u0142aw Suchan, Marcin Tercjak, Aleksandra Shaya, Anna Mrozi\u0144ska-Szmajda, Marta Olejniczak Production team: Kamila Majchrzycka-Szyma\u0144ska, Aleksandra [&hellip;]<\/p>\n","protected":false},"author":1,"featured_media":720,"parent":942,"menu_order":0,"comment_status":"closed","ping_status":"closed","template":"","meta":{"_acf_changed":false,"inline_featured_image":false,"footnotes":""},"class_list":["post-950","page","type-page","status-publish","has-post-thumbnail","hentry"],"acf":[],"yoast_head":"<!-- This site is optimized with the Yoast SEO plugin v25.9 - https:\/\/yoast.com\/wordpress\/plugins\/seo\/ -->\n<title>Team - Festiwal<\/title>\n<meta name=\"description\" content=\"Here is the \u0141\u00f3d\u017a of Many Cultures Festival team: concept creators, curators, producers, as well as managers and collaborators.\" \/>\n<meta name=\"robots\" content=\"index, follow, max-snippet:-1, max-image-preview:large, max-video-preview:-1\" \/>\n<link rel=\"canonical\" href=\"https:\/\/lodzwielukultur.pl\/en\/about-festival\/team\/\" \/>\n<meta property=\"og:locale\" content=\"en_US\" \/>\n<meta property=\"og:type\" content=\"article\" \/>\n<meta property=\"og:title\" content=\"Team - Festiwal\" \/>\n<meta property=\"og:description\" content=\"Here is the \u0141\u00f3d\u017a of Many Cultures Festival team: concept creators, curators, producers, as well as managers and collaborators.\" \/>\n<meta property=\"og:url\" content=\"https:\/\/lodzwielukultur.pl\/en\/about-festival\/team\/\" \/>\n<meta property=\"og:site_name\" content=\"Festiwal\" \/>\n<meta property=\"article:modified_time\" content=\"2025-07-15T09:01:26+00:00\" \/>\n<meta property=\"og:image\" content=\"https:\/\/lodzwielukultur.pl\/wp-content\/uploads\/2024\/06\/CENTRUM_FWK_FOT_HAWADSC00112.jpg\" \/>\n\t<meta property=\"og:image:width\" content=\"1200\" \/>\n\t<meta property=\"og:image:height\" content=\"750\" \/>\n\t<meta property=\"og:image:type\" content=\"image\/jpeg\" \/>\n<meta name=\"twitter:card\" content=\"summary_large_image\" \/>\n<meta name=\"twitter:label1\" content=\"Est. reading time\" \/>\n\t<meta name=\"twitter:data1\" content=\"1 minute\" \/>\n<script type=\"application\/ld+json\" class=\"yoast-schema-graph\">{\"@context\":\"https:\/\/schema.org\",\"@graph\":[{\"@type\":\"WebPage\",\"@id\":\"https:\/\/lodzwielukultur.pl\/en\/about-festival\/team\/\",\"url\":\"https:\/\/lodzwielukultur.pl\/en\/about-festival\/team\/\",\"name\":\"Team - Festiwal\",\"isPartOf\":{\"@id\":\"https:\/\/lodzwielukultur.pl\/#website\"},\"primaryImageOfPage\":{\"@id\":\"https:\/\/lodzwielukultur.pl\/en\/about-festival\/team\/#primaryimage\"},\"image\":{\"@id\":\"https:\/\/lodzwielukultur.pl\/en\/about-festival\/team\/#primaryimage\"},\"thumbnailUrl\":\"https:\/\/lodzwielukultur.pl\/wp-content\/uploads\/2024\/06\/CENTRUM_FWK_FOT_HAWADSC00112.jpg\",\"datePublished\":\"2024-06-15T12:39:12+00:00\",\"dateModified\":\"2025-07-15T09:01:26+00:00\",\"description\":\"Here is the \u0141\u00f3d\u017a of Many Cultures Festival team: concept creators, curators, producers, as well as managers and collaborators.\",\"breadcrumb\":{\"@id\":\"https:\/\/lodzwielukultur.pl\/en\/about-festival\/team\/#breadcrumb\"},\"inLanguage\":\"en-US\",\"potentialAction\":[{\"@type\":\"ReadAction\",\"target\":[\"https:\/\/lodzwielukultur.pl\/en\/about-festival\/team\/\"]}]},{\"@type\":\"ImageObject\",\"inLanguage\":\"en-US\",\"@id\":\"https:\/\/lodzwielukultur.pl\/en\/about-festival\/team\/#primaryimage\",\"url\":\"https:\/\/lodzwielukultur.pl\/wp-content\/uploads\/2024\/06\/CENTRUM_FWK_FOT_HAWADSC00112.jpg\",\"contentUrl\":\"https:\/\/lodzwielukultur.pl\/wp-content\/uploads\/2024\/06\/CENTRUM_FWK_FOT_HAWADSC00112.jpg\",\"width\":1200,\"height\":750,\"caption\":\"HAWA\"},{\"@type\":\"BreadcrumbList\",\"@id\":\"https:\/\/lodzwielukultur.pl\/en\/about-festival\/team\/#breadcrumb\",\"itemListElement\":[{\"@type\":\"ListItem\",\"position\":1,\"name\":\"Strona g\u0142\u00f3wna\",\"item\":\"https:\/\/lodzwielukultur.pl\/en\/\"},{\"@type\":\"ListItem\",\"position\":2,\"name\":\"About Festival\",\"item\":\"https:\/\/lodzwielukultur.pl\/en\/about-festival\/\"},{\"@type\":\"ListItem\",\"position\":3,\"name\":\"Team\"}]},{\"@type\":\"WebSite\",\"@id\":\"https:\/\/lodzwielukultur.pl\/#website\",\"url\":\"https:\/\/lodzwielukultur.pl\/\",\"name\":\"Festiwal\",\"description\":\"\u0141\u00f3d\u017a Wielu Kultur\",\"publisher\":{\"@id\":\"https:\/\/lodzwielukultur.pl\/#organization\"},\"potentialAction\":[{\"@type\":\"SearchAction\",\"target\":{\"@type\":\"EntryPoint\",\"urlTemplate\":\"https:\/\/lodzwielukultur.pl\/?s={search_term_string}\"},\"query-input\":{\"@type\":\"PropertyValueSpecification\",\"valueRequired\":true,\"valueName\":\"search_term_string\"}}],\"inLanguage\":\"en-US\"},{\"@type\":\"Organization\",\"@id\":\"https:\/\/lodzwielukultur.pl\/#organization\",\"name\":\"Festiwal\",\"url\":\"https:\/\/lodzwielukultur.pl\/\",\"logo\":{\"@type\":\"ImageObject\",\"inLanguage\":\"en-US\",\"@id\":\"https:\/\/lodzwielukultur.pl\/#\/schema\/logo\/image\/\",\"url\":\"https:\/\/lodzwielukultur.pl\/wp-content\/uploads\/2024\/06\/logotype-1.svg\",\"contentUrl\":\"https:\/\/lodzwielukultur.pl\/wp-content\/uploads\/2024\/06\/logotype-1.svg\",\"width\":\"1024\",\"height\":\"1024\",\"caption\":\"Festiwal\"},\"image\":{\"@id\":\"https:\/\/lodzwielukultur.pl\/#\/schema\/logo\/image\/\"}}]}<\/script>\n<!-- \/ Yoast SEO plugin. -->","yoast_head_json":{"title":"Team - Festiwal","description":"Here is the \u0141\u00f3d\u017a of Many Cultures Festival team: concept creators, curators, producers, as well as managers and collaborators.","robots":{"index":"index","follow":"follow","max-snippet":"max-snippet:-1","max-image-preview":"max-image-preview:large","max-video-preview":"max-video-preview:-1"},"canonical":"https:\/\/lodzwielukultur.pl\/en\/about-festival\/team\/","og_locale":"en_US","og_type":"article","og_title":"Team - Festiwal","og_description":"Here is the \u0141\u00f3d\u017a of Many Cultures Festival team: concept creators, curators, producers, as well as managers and collaborators.","og_url":"https:\/\/lodzwielukultur.pl\/en\/about-festival\/team\/","og_site_name":"Festiwal","article_modified_time":"2025-07-15T09:01:26+00:00","og_image":[{"width":1200,"height":750,"url":"https:\/\/lodzwielukultur.pl\/wp-content\/uploads\/2024\/06\/CENTRUM_FWK_FOT_HAWADSC00112.jpg","type":"image\/jpeg"}],"twitter_card":"summary_large_image","twitter_misc":{"Est. reading time":"1 minute"},"schema":{"@context":"https:\/\/schema.org","@graph":[{"@type":"WebPage","@id":"https:\/\/lodzwielukultur.pl\/en\/about-festival\/team\/","url":"https:\/\/lodzwielukultur.pl\/en\/about-festival\/team\/","name":"Team - Festiwal","isPartOf":{"@id":"https:\/\/lodzwielukultur.pl\/#website"},"primaryImageOfPage":{"@id":"https:\/\/lodzwielukultur.pl\/en\/about-festival\/team\/#primaryimage"},"image":{"@id":"https:\/\/lodzwielukultur.pl\/en\/about-festival\/team\/#primaryimage"},"thumbnailUrl":"https:\/\/lodzwielukultur.pl\/wp-content\/uploads\/2024\/06\/CENTRUM_FWK_FOT_HAWADSC00112.jpg","datePublished":"2024-06-15T12:39:12+00:00","dateModified":"2025-07-15T09:01:26+00:00","description":"Here is the \u0141\u00f3d\u017a of Many Cultures Festival team: concept creators, curators, producers, as well as managers and collaborators.","breadcrumb":{"@id":"https:\/\/lodzwielukultur.pl\/en\/about-festival\/team\/#breadcrumb"},"inLanguage":"en-US","potentialAction":[{"@type":"ReadAction","target":["https:\/\/lodzwielukultur.pl\/en\/about-festival\/team\/"]}]},{"@type":"ImageObject","inLanguage":"en-US","@id":"https:\/\/lodzwielukultur.pl\/en\/about-festival\/team\/#primaryimage","url":"https:\/\/lodzwielukultur.pl\/wp-content\/uploads\/2024\/06\/CENTRUM_FWK_FOT_HAWADSC00112.jpg","contentUrl":"https:\/\/lodzwielukultur.pl\/wp-content\/uploads\/2024\/06\/CENTRUM_FWK_FOT_HAWADSC00112.jpg","width":1200,"height":750,"caption":"HAWA"},{"@type":"BreadcrumbList","@id":"https:\/\/lodzwielukultur.pl\/en\/about-festival\/team\/#breadcrumb","itemListElement":[{"@type":"ListItem","position":1,"name":"Strona g\u0142\u00f3wna","item":"https:\/\/lodzwielukultur.pl\/en\/"},{"@type":"ListItem","position":2,"name":"About Festival","item":"https:\/\/lodzwielukultur.pl\/en\/about-festival\/"},{"@type":"ListItem","position":3,"name":"Team"}]},{"@type":"WebSite","@id":"https:\/\/lodzwielukultur.pl\/#website","url":"https:\/\/lodzwielukultur.pl\/","name":"Festiwal","description":"\u0141\u00f3d\u017a Wielu Kultur","publisher":{"@id":"https:\/\/lodzwielukultur.pl\/#organization"},"potentialAction":[{"@type":"SearchAction","target":{"@type":"EntryPoint","urlTemplate":"https:\/\/lodzwielukultur.pl\/?s={search_term_string}"},"query-input":{"@type":"PropertyValueSpecification","valueRequired":true,"valueName":"search_term_string"}}],"inLanguage":"en-US"},{"@type":"Organization","@id":"https:\/\/lodzwielukultur.pl\/#organization","name":"Festiwal","url":"https:\/\/lodzwielukultur.pl\/","logo":{"@type":"ImageObject","inLanguage":"en-US","@id":"https:\/\/lodzwielukultur.pl\/#\/schema\/logo\/image\/","url":"https:\/\/lodzwielukultur.pl\/wp-content\/uploads\/2024\/06\/logotype-1.svg","contentUrl":"https:\/\/lodzwielukultur.pl\/wp-content\/uploads\/2024\/06\/logotype-1.svg","width":"1024","height":"1024","caption":"Festiwal"},"image":{"@id":"https:\/\/lodzwielukultur.pl\/#\/schema\/logo\/image\/"}}]}},"_links":{"self":[{"href":"https:\/\/lodzwielukultur.pl\/en\/wp-json\/wp\/v2\/pages\/950","targetHints":{"allow":["GET"]}}],"collection":[{"href":"https:\/\/lodzwielukultur.pl\/en\/wp-json\/wp\/v2\/pages"}],"about":[{"href":"https:\/\/lodzwielukultur.pl\/en\/wp-json\/wp\/v2\/types\/page"}],"author":[{"embeddable":true,"href":"https:\/\/lodzwielukultur.pl\/en\/wp-json\/wp\/v2\/users\/1"}],"replies":[{"embeddable":true,"href":"https:\/\/lodzwielukultur.pl\/en\/wp-json\/wp\/v2\/comments?post=950"}],"version-history":[{"count":2,"href":"https:\/\/lodzwielukultur.pl\/en\/wp-json\/wp\/v2\/pages\/950\/revisions"}],"predecessor-version":[{"id":3023,"href":"https:\/\/lodzwielukultur.pl\/en\/wp-json\/wp\/v2\/pages\/950\/revisions\/3023"}],"up":[{"embeddable":true,"href":"https:\/\/lodzwielukultur.pl\/en\/wp-json\/wp\/v2\/pages\/942"}],"wp:featuredmedia":[{"embeddable":true,"href":"https:\/\/lodzwielukultur.pl\/en\/wp-json\/wp\/v2\/media\/720"}],"wp:attachment":[{"href":"https:\/\/lodzwielukultur.pl\/en\/wp-json\/wp\/v2\/media?parent=950"}],"curies":[{"name":"wp","href":"https:\/\/api.w.org\/{rel}","templated":true}]}}